{"id":48,"date":"2017-08-17T17:10:14","date_gmt":"2017-08-17T17:10:14","guid":{"rendered":"http:\/\/bielefelder-baeche.de\/?page_id=48"},"modified":"2023-08-16T08:20:39","modified_gmt":"2023-08-16T08:20:39","slug":"weiterfuehrendes","status":"publish","type":"page","link":"https:\/\/bielefelder-baeche.de\/?page_id=48","title":{"rendered":"Weiterf\u00fchrendes"},"content":{"rendered":"<ul>\n<li><a href=\"http:\/\/www.bund-bielefeld.de\">BUND Bielefeld: Aktiv f\u00fcr Umwelt und Natur in Bielefeld<\/a><\/li>\n<li><a href=\"https:\/\/www.bund-nrw.de\/themen\/wasser\/\">BUND NRW: Thema Wasser<\/a><\/li>\n<li><a href=\"https:\/\/www.bund.net\/fluesse-gewaesser\/\">BUND Bundesverband: Thema Fl\u00fcsse und Gew\u00e4sser<\/a><\/li>\n<li><a href=\"https:\/\/minden-luebbecke.bund.net\/themen-und-projekte\/gewaesserschutz\/\">BUND Minden-L\u00fcbbecke: Gew\u00e4sserschutz<\/a> (mit Pr\u00fcfkriterien f\u00fcr B\u00e4che)<\/li>\n<li><a href=\"http:\/\/www.bielefelder-baeume.de\">Bielefelder B\u00e4ume<\/a><\/li>\n<li><a href=\"http:\/\/umwelt-owl.blogspot.de\/\">Umweltschutz und Naturschutz in OWL<\/a><\/li>\n<li><a href=\"http:\/\/wrrl-in-owl.eu\/\">Wasserrahmenrichtlinie in OWL<\/a><\/li>\n<li><a href=\"http:\/\/wassernetz-nrw.de\/\">Wassernetz NRW<\/a><\/li>\n<li><a href=\"https:\/\/stadtplan.bielefeld.de\/app\/natur_online\/#?sidebar=legend&amp;map=10,468345.18295,5765612.22528,EPSG:25832&amp;layers=stadtplan_bi_gruen,altkleidercontainer_p,altglascontainer_p,gewaesserguete_messp,fliess_u_staugewaesser_t,fliess_u_staugew_stationierung_p,fliess_staugewaesser_dur_l,fliess_staugewaesser_l,fliess_staugewaesser_pl,gewaessernetz,gewaesserguete_2022,gewaesserguete_2021,gewaesserguete_2020,ueberflutung_gesetzl_pl,ueberflutung_natuerl_pl,wasserschutzgebiet_t,wasserschutzgebiet_p,wasserschutzgebiet_pl,gew_einzugsgebiete_uebersicht,gew_einzugsgebiet_dalkebach,gew_einzugsgebiet_ems_lutter,gew_einzugsgebiet_johannisbach,gew_einzugsgebiet_lichtebach,gew_einzugsgebiet_reiherbach,gew_einzugsgebiet_weser_lutter&amp;groupOrder=wms_eichenprozessionsspinner,wms_bluehwiesen,wms_urban_gardening,wms_wlan_bi_free,recycling,grenzen,wms_jagdreviere,wms_grabeland,staedt_gruenflaechen,wms_staedt_forstflaechen,wms_friedhof,wms_schneeablageplaetze,wms_solarpotentialkataster_2016_nrw,wms_naturdenkmale,naturschutz,wms_kak_starkregen,wms_kak_stadtklima,wms_starkregengefahrenkarten,wms_temperatur_gefuehlt,wms_gewaesserentwicklg_umsetzgsfahrplan,wms_lsp,wasserwirtschaft,wms_laermkarte_nrw_2022&amp;sidebarStatus=open\">Stadt Bielefeld: Gew\u00e4sserkarte<\/a><\/li>\n<li>Stadt Bielefeld: Gew\u00e4sserg\u00fctebericht 2008<\/li>\n<li>Stadt Bielefeld: Oberfl\u00e4chengew\u00e4sser<\/li>\n<li><a href=\"http:\/\/www.elwasweb.nrw.de\/elwas-web\/index.jsf\">ELWAS-Web: Elektronisches wasserwirtschaftliches Verbundsystem NRW<\/a><\/li>\n<\/ul>\n","protected":false},"excerpt":{"rendered":"<p>BUND Bielefeld: Aktiv f\u00fcr Umwelt und Natur in Bielefeld BUND NRW: Thema Wasser BUND Bundesverband: Thema Fl\u00fcsse und Gew\u00e4sser BUND Minden-L\u00fcbbecke: Gew\u00e4sserschutz (mit Pr\u00fcfkriterien f\u00fcr B\u00e4che) Bielefelder B\u00e4ume Umweltschutz und Naturschutz in OWL Wasserrahmenrichtlinie in OWL Wassernetz NRW Stadt Bielefeld: Gew\u00e4sserkarte Stadt Bielefeld: Gew\u00e4sserg\u00fctebericht 2008 Stadt Bielefeld: Oberfl\u00e4chengew\u00e4sser ELWAS-Web: Elektronisches wasserwirtschaftliches Verbundsystem NRW<\/p>\n","protected":false},"author":1,"featured_media":0,"parent":0,"menu_order":2,"comment_status":"closed","ping_status":"closed","template":"","meta":{"footnotes":""},"class_list":["post-48","page","type-page","status-publish","hentry"],"_links":{"self":[{"href":"https:\/\/bielefelder-baeche.de\/index.php?rest_route=\/wp\/v2\/pages\/48","targetHints":{"allow":["GET"]}}],"collection":[{"href":"https:\/\/bielefelder-baeche.de\/index.php?rest_route=\/wp\/v2\/pages"}],"about":[{"href":"https:\/\/bielefelder-baeche.de\/index.php?rest_route=\/wp\/v2\/types\/page"}],"author":[{"embeddable":true,"href":"https:\/\/bielefelder-baeche.de\/index.php?rest_route=\/wp\/v2\/users\/1"}],"replies":[{"embeddable":true,"href":"https:\/\/bielefelder-baeche.de\/index.php?rest_route=%2Fwp%2Fv2%2Fcomments&post=48"}],"version-history":[{"count":3,"href":"https:\/\/bielefelder-baeche.de\/index.php?rest_route=\/wp\/v2\/pages\/48\/revisions"}],"predecessor-version":[{"id":674,"href":"https:\/\/bielefelder-baeche.de\/index.php?rest_route=\/wp\/v2\/pages\/48\/revisions\/674"}],"wp:attachment":[{"href":"https:\/\/bielefelder-baeche.de\/index.php?rest_route=%2Fwp%2Fv2%2Fmedia&parent=48"}],"curies":[{"name":"wp","href":"https:\/\/api.w.org\/{rel}","templated":true}]}}